{"id":33,"date":"2025-07-28T07:15:51","date_gmt":"2025-07-28T05:15:51","guid":{"rendered":"https:\/\/www.sloneczko-przedszkole.com.pl\/klub_maluszka\/?page_id=33"},"modified":"2025-08-14T10:15:59","modified_gmt":"2025-08-14T08:15:59","slug":"ramowy-rozklad-dnia","status":"publish","type":"page","link":"https:\/\/sloneczko-przedszkole.com.pl\/klub_maluszka\/ramowy-rozklad-dnia\/","title":{"rendered":"Cele i za\u0142o\u017cenia"},"content":{"rendered":"\t\t<div data-elementor-type=\"wp-page\" data-elementor-id=\"33\" class=\"elementor elementor-33\" data-elementor-post-type=\"page\">\n\t\t\t\t\t\t<section class=\"elementor-section elementor-top-section elementor-element elementor-element-313afa2 elementor-section-boxed elementor-section-height-default elementor-section-height-default wpr-particle-no wpr-jarallax-no wpr-parallax-no wpr-sticky-section-no wpr-equal-height-no\" data-id=\"313afa2\" data-element_type=\"section\" data-e-type=\"section\">\n\t\t\t\t\t\t<div class=\"elementor-container elementor-column-gap-default\">\n\t\t\t\t\t<div class=\"elementor-column elementor-col-100 elementor-top-column elementor-element elementor-element-4aedce4\" data-id=\"4aedce4\" data-element_type=\"column\" data-e-type=\"column\">\n\t\t\t<div class=\"elementor-widget-wrap elementor-element-populated\">\n\t\t\t\t\t\t<div class=\"elementor-element elementor-element-feeb198 elementor-widget elementor-widget-text-editor\" data-id=\"feeb198\" data-element_type=\"widget\" data-e-type=\"widget\" data-widget_type=\"text-editor.default\">\n\t\t\t\t<div class=\"elementor-widget-container\">\n\t\t\t\t\t\t\t\t\t<p>Nad codziennym bezpiecze\u0144stwem i rozwojem dzieci czuwaj\u0105 nasze <strong>kochane i troskliwe ciocie<\/strong> \u2013 pe\u0142ne ciep\u0142a, cierpliwo\u015bci i zaanga\u017cowania. Pomagaj\u0105 maluchom w \u0142agodnej adaptacji, wspieraj\u0105 ich emocjonalnie i przygotowuj\u0105 do p\u0142ynnego przej\u015bcia do przedszkola.<\/p><p>Ka\u017cdy dzie\u0144 w Klubiku to starannie zaplanowany czas pe\u0142en warto\u015bciowych aktywno\u015bci:<\/p><ul><li><strong>zaj\u0119cia ruchowe<\/strong>, kt\u00f3re wspieraj\u0105 rozw\u00f3j motoryczny,<\/li><li><strong>zabawy muzyczne<\/strong>, kt\u00f3re rozwijaj\u0105 s\u0142uch, rytm i wyobra\u017ani\u0119,<\/li><li><strong>zaj\u0119cia sensoryczne<\/strong>, kt\u00f3re wspomagaj\u0105 integracj\u0119 zmys\u0142ow\u0105.<\/li><\/ul><p>Ciocie prowadz\u0105 r\u00f3wnie\u017c:<\/p><ul><li><strong>gimnastyk\u0119 dla maluch\u00f3w<\/strong>,<\/li><li><strong>profilaktyk\u0119 logopedyczn\u0105<\/strong>,<\/li><li><strong>zabawy z elementami j\u0119zyka angielskiego<\/strong>, kt\u00f3re w naturalny spos\u00f3b oswajaj\u0105 dzieci z nowym j\u0119zykiem.<\/li><\/ul>\t\t\t\t\t\t\t\t<\/div>\n\t\t\t\t<\/div>\n\t\t\t\t\t<\/div>\n\t\t<\/div>\n\t\t\t\t\t<\/div>\n\t\t<\/section>\n\t\t\t\t<\/div>\n\t\t","protected":false},"excerpt":{"rendered":"<p>Nad codziennym bezpiecze\u0144stwem i rozwojem dzieci czuwaj\u0105 nasze kochane i troskliwe ciocie \u2013 pe\u0142ne ciep\u0142a, cierpliwo\u015bci i zaanga\u017cowania. Pomagaj\u0105 maluchom w \u0142agodnej adaptacji, wspieraj\u0105 ich emocjonalnie i przygotowuj\u0105 do p\u0142ynnego przej\u015bcia do przedszkola. Ka\u017cdy dzie\u0144 w Klubiku to starannie zaplanowany czas pe\u0142en warto\u015bciowych aktywno\u015bci: zaj\u0119cia ruchowe, kt\u00f3re wspieraj\u0105 rozw\u00f3j motoryczny,<\/p>\n","protected":false},"author":1,"featured_media":0,"parent":0,"menu_order":0,"comment_status":"closed","ping_status":"closed","template":"","meta":{"ngg_post_thumbnail":0,"footnotes":""},"class_list":["post-33","page","type-page","status-publish","hentry"],"_links":{"self":[{"href":"https:\/\/sloneczko-przedszkole.com.pl\/klub_maluszka\/wp-json\/wp\/v2\/pages\/33","targetHints":{"allow":["GET"]}}],"collection":[{"href":"https:\/\/sloneczko-przedszkole.com.pl\/klub_maluszka\/wp-json\/wp\/v2\/pages"}],"about":[{"href":"https:\/\/sloneczko-przedszkole.com.pl\/klub_maluszka\/wp-json\/wp\/v2\/types\/page"}],"author":[{"embeddable":true,"href":"https:\/\/sloneczko-przedszkole.com.pl\/klub_maluszka\/wp-json\/wp\/v2\/users\/1"}],"replies":[{"embeddable":true,"href":"https:\/\/sloneczko-przedszkole.com.pl\/klub_maluszka\/wp-json\/wp\/v2\/comments?post=33"}],"version-history":[{"count":6,"href":"https:\/\/sloneczko-przedszkole.com.pl\/klub_maluszka\/wp-json\/wp\/v2\/pages\/33\/revisions"}],"predecessor-version":[{"id":140,"href":"https:\/\/sloneczko-przedszkole.com.pl\/klub_maluszka\/wp-json\/wp\/v2\/pages\/33\/revisions\/140"}],"wp:attachment":[{"href":"https:\/\/sloneczko-przedszkole.com.pl\/klub_maluszka\/wp-json\/wp\/v2\/media?parent=33"}],"curies":[{"name":"wp","href":"https:\/\/api.w.org\/{rel}","templated":true}]}}