{"id":2,"date":"2025-07-25T15:25:58","date_gmt":"2025-07-25T13:25:58","guid":{"rendered":"https:\/\/www.sloneczko-przedszkole.com.pl\/sloneczko2\/?page_id=2"},"modified":"2025-10-10T18:39:39","modified_gmt":"2025-10-10T16:39:39","slug":"przykladowa-strona","status":"publish","type":"page","link":"https:\/\/sloneczko-przedszkole.com.pl\/klub_maluszka\/","title":{"rendered":"Strona g\u0142\u00f3wna"},"content":{"rendered":"\t\t<div data-elementor-type=\"wp-page\" data-elementor-id=\"2\" class=\"elementor elementor-2\" data-elementor-post-type=\"page\">\n\t\t\t\t\t\t<section class=\"elementor-section elementor-top-section elementor-element elementor-element-1f7b8b1 elementor-section-boxed elementor-section-height-default elementor-section-height-default wpr-particle-no wpr-jarallax-no wpr-parallax-no wpr-sticky-section-no wpr-equal-height-no\" data-id=\"1f7b8b1\" data-element_type=\"section\" data-e-type=\"section\">\n\t\t\t\t\t\t<div class=\"elementor-container elementor-column-gap-default\">\n\t\t\t\t\t<div class=\"elementor-column elementor-col-33 elementor-top-column elementor-element elementor-element-0ab1445\" data-id=\"0ab1445\" data-element_type=\"column\" data-e-type=\"column\">\n\t\t\t<div class=\"elementor-widget-wrap elementor-element-populated\">\n\t\t\t\t\t\t<div class=\"elementor-element elementor-element-9929cae elementor-widget elementor-widget-image\" data-id=\"9929cae\" data-element_type=\"widget\" data-e-type=\"widget\" data-widget_type=\"image.default\">\n\t\t\t\t<div class=\"elementor-widget-container\">\n\t\t\t\t\t\t\t\t\t\t\t\t\t\t\t<img fetchpriority=\"high\" decoding=\"async\" width=\"1024\" height=\"666\" src=\"https:\/\/sloneczko-przedszkole.com.pl\/klub_maluszka\/wp-content\/uploads\/sites\/2\/2025\/07\/500416886_122149872374791944_2243885694664625154_n-1024x666.jpg\" class=\"attachment-large size-large wp-image-53\" alt=\"\" srcset=\"https:\/\/sloneczko-przedszkole.com.pl\/klub_maluszka\/wp-content\/uploads\/sites\/2\/2025\/07\/500416886_122149872374791944_2243885694664625154_n-1024x666.jpg 1024w, https:\/\/sloneczko-przedszkole.com.pl\/klub_maluszka\/wp-content\/uploads\/sites\/2\/2025\/07\/500416886_122149872374791944_2243885694664625154_n-300x195.jpg 300w, https:\/\/sloneczko-przedszkole.com.pl\/klub_maluszka\/wp-content\/uploads\/sites\/2\/2025\/07\/500416886_122149872374791944_2243885694664625154_n-768x499.jpg 768w, https:\/\/sloneczko-przedszkole.com.pl\/klub_maluszka\/wp-content\/uploads\/sites\/2\/2025\/07\/500416886_122149872374791944_2243885694664625154_n-1536x998.jpg 1536w, https:\/\/sloneczko-przedszkole.com.pl\/klub_maluszka\/wp-content\/uploads\/sites\/2\/2025\/07\/500416886_122149872374791944_2243885694664625154_n.jpg 2048w\" sizes=\"(max-width: 1024px) 100vw, 1024px\" \/>\t\t\t\t\t\t\t\t\t\t\t\t\t\t\t<\/div>\n\t\t\t\t<\/div>\n\t\t\t\t\t<\/div>\n\t\t<\/div>\n\t\t\t\t<div class=\"elementor-column elementor-col-66 elementor-top-column elementor-element elementor-element-7ed6d34\" data-id=\"7ed6d34\" data-element_type=\"column\" data-e-type=\"column\">\n\t\t\t<div class=\"elementor-widget-wrap elementor-element-populated\">\n\t\t\t\t\t\t<div class=\"elementor-element elementor-element-e71a7da elementor-widget elementor-widget-heading\" data-id=\"e71a7da\" data-element_type=\"widget\" data-e-type=\"widget\" data-widget_type=\"heading.default\">\n\t\t\t\t<div class=\"elementor-widget-container\">\n\t\t\t\t\t<h2 class=\"elementor-heading-title elementor-size-default\">Witamy na stronie<\/h2>\t\t\t\t<\/div>\n\t\t\t\t<\/div>\n\t\t\t\t<div class=\"elementor-element elementor-element-1a1f068 elementor-widget elementor-widget-text-editor\" data-id=\"1a1f068\" data-element_type=\"widget\" data-e-type=\"widget\" data-widget_type=\"text-editor.default\">\n\t\t\t\t<div class=\"elementor-widget-container\">\n\t\t\t\t\t\t\t\t\t<p><strong>Pierwsze kroki w \u015bwiecie rado\u015bci, zabawy i rozwoju!<\/strong><\/p><p>Klub Malucha \u201eKolorowe Ptaszki\u201d to wyj\u0105tkowe miejsce stworzone z my\u015bl\u0105 o najm\u0142odszych \u2013 zapraszamy dzieci ju\u017c od <strong>1. roku \u017cycia do 2,5 lat<\/strong>. To tutaj maluszki stawiaj\u0105 swoje pierwsze kroki poza domem, ucz\u0105c si\u0119 samodzielno\u015bci, nawi\u0105zuj\u0105c relacje z r\u00f3wie\u015bnikami i poznaj\u0105c \u015bwiat przez zabaw\u0119.<\/p>\t\t\t\t\t\t\t\t<\/div>\n\t\t\t\t<\/div>\n\t\t\t\t\t<\/div>\n\t\t<\/div>\n\t\t\t\t\t<\/div>\n\t\t<\/section>\n\t\t\t\t<section class=\"elementor-section elementor-top-section elementor-element elementor-element-9d53e4d elementor-section-boxed elementor-section-height-default elementor-section-height-default wpr-particle-no wpr-jarallax-no wpr-parallax-no wpr-sticky-section-no wpr-equal-height-no\" data-id=\"9d53e4d\" data-element_type=\"section\" data-e-type=\"section\">\n\t\t\t\t\t\t<div class=\"elementor-container elementor-column-gap-default\">\n\t\t\t\t\t<div class=\"elementor-column elementor-col-100 elementor-top-column elementor-element elementor-element-f8a4d12\" data-id=\"f8a4d12\" data-element_type=\"column\" data-e-type=\"column\">\n\t\t\t<div class=\"elementor-widget-wrap elementor-element-populated\">\n\t\t\t\t\t\t<div class=\"elementor-element elementor-element-0e1aa1e elementor-widget elementor-widget-google_maps\" data-id=\"0e1aa1e\" data-element_type=\"widget\" data-e-type=\"widget\" data-widget_type=\"google_maps.default\">\n\t\t\t\t<div class=\"elementor-widget-container\">\n\t\t\t\t\t\t\t<div class=\"elementor-custom-embed\">\n\t\t\t<iframe loading=\"lazy\"\n\t\t\t\t\tsrc=\"https:\/\/maps.google.com\/maps?q=ul.%20Wiosny%20Lud%C3%B3w%2036%2C%20Kostrzyn%20Wielkopolski&#038;t=m&#038;z=15&#038;output=embed&#038;iwloc=near\"\n\t\t\t\t\ttitle=\"ul. Wiosny Lud\u00f3w 36, Kostrzyn Wielkopolski\"\n\t\t\t\t\taria-label=\"ul. Wiosny Lud\u00f3w 36, Kostrzyn Wielkopolski\"\n\t\t\t><\/iframe>\n\t\t<\/div>\n\t\t\t\t\t\t<\/div>\n\t\t\t\t<\/div>\n\t\t\t\t\t<\/div>\n\t\t<\/div>\n\t\t\t\t\t<\/div>\n\t\t<\/section>\n\t\t\t\t<\/div>\n\t\t","protected":false},"excerpt":{"rendered":"<p>Witamy na stronie Pierwsze kroki w \u015bwiecie rado\u015bci, zabawy i rozwoju! Klub Malucha \u201eKolorowe Ptaszki\u201d to wyj\u0105tkowe miejsce stworzone z my\u015bl\u0105 o najm\u0142odszych \u2013 zapraszamy dzieci ju\u017c od 1. roku \u017cycia do 2,5 lat. To tutaj maluszki stawiaj\u0105 swoje pierwsze kroki poza domem, ucz\u0105c si\u0119 samodzielno\u015bci, nawi\u0105zuj\u0105c relacje z r\u00f3wie\u015bnikami<\/p>\n","protected":false},"author":1,"featured_media":0,"parent":0,"menu_order":0,"comment_status":"closed","ping_status":"closed","template":"elementor_header_footer","meta":{"ngg_post_thumbnail":0,"footnotes":""},"class_list":["post-2","page","type-page","status-publish","hentry"],"_links":{"self":[{"href":"https:\/\/sloneczko-przedszkole.com.pl\/klub_maluszka\/wp-json\/wp\/v2\/pages\/2","targetHints":{"allow":["GET"]}}],"collection":[{"href":"https:\/\/sloneczko-przedszkole.com.pl\/klub_maluszka\/wp-json\/wp\/v2\/pages"}],"about":[{"href":"https:\/\/sloneczko-przedszkole.com.pl\/klub_maluszka\/wp-json\/wp\/v2\/types\/page"}],"author":[{"embeddable":true,"href":"https:\/\/sloneczko-przedszkole.com.pl\/klub_maluszka\/wp-json\/wp\/v2\/users\/1"}],"replies":[{"embeddable":true,"href":"https:\/\/sloneczko-przedszkole.com.pl\/klub_maluszka\/wp-json\/wp\/v2\/comments?post=2"}],"version-history":[{"count":35,"href":"https:\/\/sloneczko-przedszkole.com.pl\/klub_maluszka\/wp-json\/wp\/v2\/pages\/2\/revisions"}],"predecessor-version":[{"id":158,"href":"https:\/\/sloneczko-przedszkole.com.pl\/klub_maluszka\/wp-json\/wp\/v2\/pages\/2\/revisions\/158"}],"wp:attachment":[{"href":"https:\/\/sloneczko-przedszkole.com.pl\/klub_maluszka\/wp-json\/wp\/v2\/media?parent=2"}],"curies":[{"name":"wp","href":"https:\/\/api.w.org\/{rel}","templated":true}]}}